{"id":72,"date":"2018-04-07T08:48:02","date_gmt":"2018-04-07T06:48:02","guid":{"rendered":"https:\/\/conf-mpci-2018.lis-lab.fr\/?page_id=72"},"modified":"2018-05-11T19:44:35","modified_gmt":"2018-05-11T17:44:35","slug":"inscription","status":"publish","type":"page","link":"https:\/\/conf-mpci-2018.lis-lab.fr\/?page_id=72","title":{"rendered":"Inscription"},"content":{"rendered":"<p>La journ\u00e9e sp\u00e9ciale \u00ab Intelligence Artificielle \u2013 Apprentissage Automatique \u00bb du mardi 22 mai est ouverte \u00e0 tous gratuitement, y compris aux personnes ext\u00e9rieures \u00e0 l&rsquo;universit\u00e9. Pour des raisons de s\u00e9curit\u00e9, l&rsquo;inscription \u00e0 l&rsquo;avance est obligatoire pour les personnes ext\u00e9rieures \u00e0 Aix-Marseille universit\u00e9, conseill\u00e9e pour les \u00e9tudiants et personnels de l&rsquo;universit\u00e9, voir formulaire ci-dessous.<\/p>\n<p>La journ\u00e9e du mercredi 23 mai est r\u00e9serv\u00e9e aux \u00e9tudiants et personnels de l&rsquo;Universit\u00e9 d&rsquo;Aix-Marseille et de l&rsquo;\u00c9cole Centrale Marseille, sans inscription pr\u00e9alable.<\/p>\n\n<!-- iframe plugin v.6.0 wordpress.org\/plugins\/iframe\/ -->\n<iframe loading=\"lazy\" src=\"https:\/\/docs.google.com\/forms\/d\/e\/1FAIpQLScHY162kXeI1cwkAcUufeCWahB50S9YWiyaPZa7RI5h-6TUGw\/viewform?embedded=true\" width=\"100%\" height=\"2050\" scrolling=\"yes\" class=\"iframe-class\" frameborder=\"0\"><\/iframe>\n\n","protected":false},"excerpt":{"rendered":"<p>La journ\u00e9e sp\u00e9ciale \u00ab Intelligence Artificielle \u2013 Apprentissage Automatique \u00bb du mardi 22 mai est ouverte \u00e0 tous gratuitement, y compris aux personnes ext\u00e9rieures \u00e0 l&rsquo;universit\u00e9. Pour des raisons de s\u00e9curit\u00e9, l&rsquo;inscription \u00e0 l&rsquo;avance est obligatoire pour les personnes ext\u00e9rieures \u00e0 Aix-Marseille universit\u00e9, conseill\u00e9e pour les \u00e9tudiants et personnels de l&rsquo;universit\u00e9, voir formulaire ci-dessous. La &hellip; <\/p>\n<p class=\"link-more\"><a href=\"https:\/\/conf-mpci-2018.lis-lab.fr\/?page_id=72\" class=\"more-link\">Continuer la lecture<span class=\"screen-reader-text\"> de &laquo;&nbsp;Inscription&nbsp;&raquo;<\/span><\/a><\/p>\n","protected":false},"author":3,"featured_media":171,"parent":0,"menu_order":0,"comment_status":"closed","ping_status":"closed","template":"","meta":{"footnotes":""},"class_list":["post-72","page","type-page","status-publish","has-post-thumbnail","hentry"],"_links":{"self":[{"href":"https:\/\/conf-mpci-2018.lis-lab.fr\/index.php?rest_route=\/wp\/v2\/pages\/72","targetHints":{"allow":["GET"]}}],"collection":[{"href":"https:\/\/conf-mpci-2018.lis-lab.fr\/index.php?rest_route=\/wp\/v2\/pages"}],"about":[{"href":"https:\/\/conf-mpci-2018.lis-lab.fr\/index.php?rest_route=\/wp\/v2\/types\/page"}],"author":[{"embeddable":true,"href":"https:\/\/conf-mpci-2018.lis-lab.fr\/index.php?rest_route=\/wp\/v2\/users\/3"}],"replies":[{"embeddable":true,"href":"https:\/\/conf-mpci-2018.lis-lab.fr\/index.php?rest_route=%2Fwp%2Fv2%2Fcomments&post=72"}],"version-history":[{"count":12,"href":"https:\/\/conf-mpci-2018.lis-lab.fr\/index.php?rest_route=\/wp\/v2\/pages\/72\/revisions"}],"predecessor-version":[{"id":220,"href":"https:\/\/conf-mpci-2018.lis-lab.fr\/index.php?rest_route=\/wp\/v2\/pages\/72\/revisions\/220"}],"wp:featuredmedia":[{"embeddable":true,"href":"https:\/\/conf-mpci-2018.lis-lab.fr\/index.php?rest_route=\/wp\/v2\/media\/171"}],"wp:attachment":[{"href":"https:\/\/conf-mpci-2018.lis-lab.fr\/index.php?rest_route=%2Fwp%2Fv2%2Fmedia&parent=72"}],"curies":[{"name":"wp","href":"https:\/\/api.w.org\/{rel}","templated":true}]}}