{"id":29,"date":"2018-04-07T08:10:37","date_gmt":"2018-04-07T06:10:37","guid":{"rendered":"https:\/\/conf-mpci-2018.lis-lab.fr\/?page_id=29"},"modified":"2018-04-16T17:37:07","modified_gmt":"2018-04-16T15:37:07","slug":"a-propos-de","status":"publish","type":"page","link":"https:\/\/conf-mpci-2018.lis-lab.fr\/?page_id=29","title":{"rendered":"Les conf\u00e9rences MPCI"},"content":{"rendered":"<h1>La licence Math\u00e9matiques, Physique, Chimie, Informatique (MPCI)<\/h1>\n<p>La licence MPCI (<a href=\"https:\/\/sciences.univ-amu.fr\/licence-mpci\">https:\/\/sciences.univ-amu.fr\/licence-mpci<\/a>) est tr\u00e8s particuli\u00e8re car il s&rsquo;agit d&rsquo;un dipl\u00f4me conjoint AMU &#8211; Ecole Centrale Marseille qui fournit aux \u00e9tudiants une comp\u00e9tence de tr\u00e8s haut niveau et pluridisciplinaire, avec un degr\u00e9 d&rsquo;exigence \u00e9lev\u00e9 pour permettre d&rsquo;acqu\u00e9rir \u00e0 la d\u00e9livrance du dipl\u00f4me un bon niveau bac+3 dans deux mati\u00e8res, et un bon niveau bac +2 dans les deux autres mati\u00e8res parmi les quatre. Notre but affich\u00e9 : former des scientifiques pr\u00e9sentant une grande maturit\u00e9 ainsi qu\u2019une grande adaptabilit\u00e9. Ces qualit\u00e9s acquises au cours de ces trois ann\u00e9es de formation universitaire gr\u00e2ce \u00e0 un lien fort avec la recherche de pointe men\u00e9e dans les laboratoires de renomm\u00e9e internationale sont de v\u00e9ritables atouts pour l\u2019int\u00e9gration de nos \u00e9tudiants dans les milieux ing\u00e9nieurs ou dans la recherche fondamentale.<\/p>\n<p>La licence MPCI a \u00e9t\u00e9 labellis\u00e9e \u00ab\u00a0Acad\u00e9mie d\u2019Excellence\u00a0\u00bb par un jury international. Plusieurs actions sont men\u00e9es dans ce cadre pour les \u00e9tudiants : des possibilit\u00e9s de bourse, des moyens financiers pour les enseignements et notamment les travaux pratiques en physique, chimie et informatique, des aides pour des semestres d&rsquo;\u00e9tudes ou des stages \u00e0 l&rsquo;\u00e9tranger, des visites d\u2019entreprise, \u2026<\/p>\n<h1>Les cycles de conf\u00e9rences MPCI<\/h1>\n<p>Nous avons \u00e9galement d\u00e9cid\u00e9 de proposer aux \u00e9tudiants, \u00e0 la fin de l\u2019ann\u00e9e universitaire, une semaine de conf\u00e9rences par des scientifiques renomm\u00e9s sur un th\u00e8me pr\u00e9cis, auxquelles peuvent s\u2019ajouter des conf\u00e9rences grand public. L\u2019objectif est de pr\u00e9senter plusieurs aspects de la recherche scientifique de niveau international aux \u00e9tudiants, de fournir aux participants un compl\u00e9ment de formation pour leur permettre de mieux s\u2019emparer des d\u00e9fis de demain. Les conf\u00e9rences sont ouvertes non seulement aux \u00e9tudiants de la licence MPCI (environ 60 \u00e9tudiants sur les trois ann\u00e9es), mais \u00e9galement \u00e0 tous les \u00e9tudiants de licences de la Facult\u00e9 des Sciences d\u2019AMU (environ 4 500 \u00e9tudiants).<\/p>\n<h1>\u00c9ditions pass\u00e9es<\/h1>\n<h2>Troisi\u00e8me \u00e9dition consacr\u00e9e \u00e0 l&rsquo;a\u00e9ronautique (2017)<\/h2>\n<p><img loading=\"lazy\" decoding=\"async\" class=\"alignnone size-full wp-image-159\" src=\"https:\/\/conf-mpci-2018.lis-lab.fr\/wp-content\/uploads\/2018\/04\/conf2017_p1.png\" alt=\"\" width=\"1835\" height=\"1327\" \/><\/p>\n<p><img loading=\"lazy\" decoding=\"async\" class=\"alignnone size-full wp-image-160\" src=\"https:\/\/conf-mpci-2018.lis-lab.fr\/wp-content\/uploads\/2018\/04\/conf2017_p2.png\" alt=\"\" width=\"1835\" height=\"1327\" \/><\/p>\n<h2>Deuxi\u00e8me \u00e9dition consacr\u00e9e \u00e0 la transition \u00e9nerg\u00e9tique et au d\u00e9veloppement durable (2016)<\/h2>\n<p><a href=\"https:\/\/formation.centrale-marseille.fr\/fr\/news\/transition-energetique-developpement-durable\" target=\"_blank\" rel=\"noopener\">Annonce de l&rsquo;\u00e9v\u00e9nement<\/a><\/p>\n<h2>Premi\u00e8re \u00e9dition consacr\u00e9e \u00e0 l&rsquo;astrophysique (2015)<\/h2>\n<p><a href=\"https:\/\/destimed.fr\/+Premiere-edition-cycle-de-conferences-MPCI-autour-de-l-astrophysique-jusqu-au+\" target=\"_blank\" rel=\"noopener\">Annonce de l&rsquo;\u00e9v\u00e9nement<\/a><\/p>\n","protected":false},"excerpt":{"rendered":"<p>La licence Math\u00e9matiques, Physique, Chimie, Informatique (MPCI) La licence MPCI (https:\/\/sciences.univ-amu.fr\/licence-mpci) est tr\u00e8s particuli\u00e8re car il s&rsquo;agit d&rsquo;un dipl\u00f4me conjoint AMU &#8211; Ecole Centrale Marseille qui fournit aux \u00e9tudiants une comp\u00e9tence de tr\u00e8s haut niveau et pluridisciplinaire, avec un degr\u00e9 d&rsquo;exigence \u00e9lev\u00e9 pour permettre d&rsquo;acqu\u00e9rir \u00e0 la d\u00e9livrance du dipl\u00f4me un bon niveau bac+3 dans &hellip; <\/p>\n<p class=\"link-more\"><a href=\"https:\/\/conf-mpci-2018.lis-lab.fr\/?page_id=29\" class=\"more-link\">Continuer la lecture<span class=\"screen-reader-text\"> de &laquo;&nbsp;Les conf\u00e9rences MPCI&nbsp;&raquo;<\/span><\/a><\/p>\n","protected":false},"author":3,"featured_media":123,"parent":0,"menu_order":0,"comment_status":"closed","ping_status":"closed","template":"","meta":{"footnotes":""},"class_list":["post-29","page","type-page","status-publish","has-post-thumbnail","hentry"],"_links":{"self":[{"href":"https:\/\/conf-mpci-2018.lis-lab.fr\/index.php?rest_route=\/wp\/v2\/pages\/29","targetHints":{"allow":["GET"]}}],"collection":[{"href":"https:\/\/conf-mpci-2018.lis-lab.fr\/index.php?rest_route=\/wp\/v2\/pages"}],"about":[{"href":"https:\/\/conf-mpci-2018.lis-lab.fr\/index.php?rest_route=\/wp\/v2\/types\/page"}],"author":[{"embeddable":true,"href":"https:\/\/conf-mpci-2018.lis-lab.fr\/index.php?rest_route=\/wp\/v2\/users\/3"}],"replies":[{"embeddable":true,"href":"https:\/\/conf-mpci-2018.lis-lab.fr\/index.php?rest_route=%2Fwp%2Fv2%2Fcomments&post=29"}],"version-history":[{"count":9,"href":"https:\/\/conf-mpci-2018.lis-lab.fr\/index.php?rest_route=\/wp\/v2\/pages\/29\/revisions"}],"predecessor-version":[{"id":162,"href":"https:\/\/conf-mpci-2018.lis-lab.fr\/index.php?rest_route=\/wp\/v2\/pages\/29\/revisions\/162"}],"wp:featuredmedia":[{"embeddable":true,"href":"https:\/\/conf-mpci-2018.lis-lab.fr\/index.php?rest_route=\/wp\/v2\/media\/123"}],"wp:attachment":[{"href":"https:\/\/conf-mpci-2018.lis-lab.fr\/index.php?rest_route=%2Fwp%2Fv2%2Fmedia&parent=29"}],"curies":[{"name":"wp","href":"https:\/\/api.w.org\/{rel}","templated":true}]}}